{"id":6,"date":"2019-08-01T12:34:50","date_gmt":"2019-08-01T12:34:50","guid":{"rendered":"http:\/\/cassiorafaelcaponi.com\/?page_id=6"},"modified":"2023-12-05T09:51:06","modified_gmt":"2023-12-05T09:51:06","slug":"homepage","status":"publish","type":"page","link":"http:\/\/cassiorafaelcaponi.com\/","title":{"rendered":"Homepage"},"content":{"rendered":"<div id=\"pl-6\"  class=\"panel-layout\" ><div id=\"pg-6-0\"  class=\"panel-grid panel-has-style\" ><div class=\"siteorigin-panels-stretch panel-row-style-full-width panel-row-style panel-row-style-for-6-0\" data-stretch-type=\"full-stretched\" ><div id=\"pgc-6-0-0\"  class=\"panel-grid-cell\" ><div id=\"panel-6-0-0-0\" class=\"so-panel widget widget_sow-hero panel-first-child panel-last-child\" data-index=\"0\" ><div\n\t\t\t\n\t\t\tclass=\"so-widget-sow-hero so-widget-sow-hero-default-c60ab1261780-6\"\n\t\t\t\n\t\t>\t\t\t\t<div class=\"sow-slider-base\" style=\"display: none\" tabindex=\"0\">\n\t\t\t\t\t<ul\n\t\t\t\t\tclass=\"sow-slider-images\"\n\t\t\t\t\tdata-settings=\"{&quot;pagination&quot;:true,&quot;speed&quot;:800,&quot;timeout&quot;:8000,&quot;paused&quot;:false,&quot;pause_on_hover&quot;:false,&quot;swipe&quot;:true,&quot;nav_always_show_desktop&quot;:&quot;&quot;,&quot;nav_always_show_mobile&quot;:&quot;&quot;,&quot;breakpoint&quot;:&quot;780px&quot;,&quot;unmute&quot;:false,&quot;anchor&quot;:null}\"\n\t\t\t\t\t\t\t\t\t\tdata-anchor-id=\"\"\n\t\t\t\t>\t\t<li class=\"sow-slider-image  sow-slider-image-cover\" style=\"visibility: visible;;background-color: #333333\" >\n\t\t\t\t\t<div class=\"sow-slider-image-container\">\n\t\t\t<div class=\"sow-slider-image-wrapper\">\n\t\t\t\t\t\t\t<\/div>\n\t\t<\/div>\n\t\t<div class=\"sow-slider-image-overlay sow-slider-image-cover\" style=\"opacity: 0.89;background-image: url(http:\/\/cassiorafaelcaponi.com\/wp-content\/uploads\/2019\/08\/PNG-Bild-9DCF75E7BA82-1.png)\"  ><\/div>\t\t<\/li>\n\t\t<\/ul>\t\t\t\t<ol class=\"sow-slider-pagination\">\n\t\t\t\t\t\t\t\t\t\t\t<li><a href=\"#\" data-goto=\"0\" aria-label=\"Display slide 1\"><\/a><\/li>\n\t\t\t\t\t\t\t\t\t<\/ol>\n\n\t\t\t\t<div class=\"sow-slide-nav sow-slide-nav-next\">\n\t\t\t\t\t<a href=\"#\" data-goto=\"next\" aria-label=\"Next slide\" data-action=\"next\">\n\t\t\t\t\t\t<em class=\"sow-sld-icon-thin-right\"><\/em>\n\t\t\t\t\t<\/a>\n\t\t\t\t<\/div>\n\n\t\t\t\t<div class=\"sow-slide-nav sow-slide-nav-prev\">\n\t\t\t\t\t<a href=\"#\" data-goto=\"previous\" aria-label=\"Previous slide\" data-action=\"prev\">\n\t\t\t\t\t\t<em class=\"sow-sld-icon-thin-left\"><\/em>\n\t\t\t\t\t<\/a>\n\t\t\t\t<\/div>\n\t\t\t\t<\/div><\/div><\/div><\/div><\/div><\/div><div id=\"pg-6-1\"  class=\"panel-grid panel-has-style\" ><div class=\"siteorigin-panels-stretch panel-row-style-full-width panel-row-style panel-row-style-for-6-1\" data-stretch-type=\"full\" ><div id=\"pgc-6-1-0\"  class=\"panel-grid-cell\" ><div id=\"panel-6-1-0-0\" class=\"so-panel widget widget_sow-image panel-first-child panel-last-child\" data-index=\"1\" ><div\n\t\t\t\n\t\t\tclass=\"so-widget-sow-image so-widget-sow-image-default-8b5b6f678277-6\"\n\t\t\t\n\t\t>\n<div class=\"sow-image-container\">\n\t\t<img \n\tsrc=\"http:\/\/cassiorafaelcaponi.com\/wp-content\/uploads\/2019\/08\/block1-768x981.png\" width=\"720\" height=\"920\" srcset=\"http:\/\/cassiorafaelcaponi.com\/wp-content\/uploads\/2019\/08\/block1-768x981.png 768w, http:\/\/cassiorafaelcaponi.com\/wp-content\/uploads\/2019\/08\/block1-235x300.png 235w, http:\/\/cassiorafaelcaponi.com\/wp-content\/uploads\/2019\/08\/block1-802x1024.png 802w, http:\/\/cassiorafaelcaponi.com\/wp-content\/uploads\/2019\/08\/block1.png 937w\" sizes=\"(max-width: 720px) 100vw, 720px\" alt=\"\" \t\tclass=\"so-widget-image\"\/>\n\t<\/div>\n\n<\/div><\/div><\/div><div id=\"pgc-6-1-1\"  class=\"panel-grid-cell\" ><div id=\"panel-6-1-1-0\" class=\"so-panel widget widget_sow-editor panel-first-child panel-last-child\" data-index=\"2\" ><div\n\t\t\t\n\t\t\tclass=\"so-widget-sow-editor so-widget-sow-editor-base\"\n\t\t\t\n\t\t>\n<div class=\"siteorigin-widget-tinymce textwidget\">\n\t<h1><span style=\"color: #000000;\">Blockfl\u00f6te<\/span><\/h1>\n<p>Studium der Schulmusik und Bachelor Blockfl\u00f6te an der Bundesuniversit\u00e4t von Rio Grande do Sul in Porto Alegre\/ Brasilien in der Klasse von Prof. Dr. Lucia Carpena. Anschliessend Studium Master Blockfl\u00f6te an der HMDK Stuttgart in der Klasse von Hans-Joachim Fuss. Stipendiat der L-Bank Musikstiftung und Namesstipendiat des Freundeskreises der Hochschule Stuttgart sowie Jahresstipendiat des DAAD.<\/p>\n<p>Cassio Caponi ist Lehrer an der <a href=\"https:\/\/www.stuttgarter-musikschule.de\/start\">Stuttgarter Musikschule<\/a> . Sein Unterricht findet im \"Treffpunkt Roteb\u00fchlplatz\" (Stuttgart- Stadtmitte) und der \"Stadtteilmusikschule Stutgart- Ost\" statt.<\/p>\n<p>Er spielt zahlreiche Konzerte als Solist und Kammermusiker im In- und Ausland.<\/p>\n<\/div>\n<\/div><\/div><\/div><\/div><\/div><div id=\"pg-6-2\"  class=\"panel-grid panel-has-style\" ><div class=\"siteorigin-panels-stretch panel-row-style-full-width panel-row-style panel-row-style-for-6-2\" style=\"background-color: #000000; \" data-stretch-type=\"full\" ><div id=\"pgc-6-2-0\"  class=\"panel-grid-cell\" ><div id=\"panel-6-2-0-0\" class=\"so-panel widget widget_sow-editor panel-first-child panel-last-child\" data-index=\"3\" ><div\n\t\t\t\n\t\t\tclass=\"so-widget-sow-editor so-widget-sow-editor-base\"\n\t\t\t\n\t\t>\n<div class=\"siteorigin-widget-tinymce textwidget\">\n\t<h1><span style=\"color: #ffffff;\">Traversfl\u00f6te\/ Renaissancetraversfl\u00f6te<\/span><\/h1>\n<p><span style=\"color: #ffffff;\">Nach dem Blockfl\u00f6tenstudium schloss er ein Studium Master Traversfl\u00f6te an der HMDK Stuttgart an. Als Tutor in der Klasse von Hans-Joachim Fuss war er verantwortlich f\u00fcr die Ausrichtung der Internationalen Renaissance Traversfl\u00f6ten Tage Stuttgart 2010.<\/span><\/p>\n<p><span style=\"color: #ffffff;\">Zahlreiche Konzerte mit namhaften Barockorchestern, wie der Hofkapelle Stuttgart, Lukas Barockorchester u.a.\u00a0<\/span><\/p>\n<p><span style=\"color: #ffffff;\">Mit der Renaissancetraversfl\u00f6te Mitglied beim Traverso Consort Stuttgart, das Werke des 16. Jhds. interpretiert.<\/span><\/p>\n<\/div>\n<\/div><\/div><\/div><div id=\"pgc-6-2-1\"  class=\"panel-grid-cell\" ><div id=\"panel-6-2-1-0\" class=\"so-panel widget widget_sow-image panel-first-child panel-last-child\" data-index=\"4\" ><div\n\t\t\t\n\t\t\tclass=\"so-widget-sow-image so-widget-sow-image-default-8b5b6f678277-6\"\n\t\t\t\n\t\t>\n<div class=\"sow-image-container\">\n\t\t<img \n\tsrc=\"http:\/\/cassiorafaelcaponi.com\/wp-content\/uploads\/2019\/08\/renas.png\" width=\"491\" height=\"560\" srcset=\"http:\/\/cassiorafaelcaponi.com\/wp-content\/uploads\/2019\/08\/renas.png 491w, http:\/\/cassiorafaelcaponi.com\/wp-content\/uploads\/2019\/08\/renas-263x300.png 263w\" sizes=\"(max-width: 491px) 100vw, 491px\" alt=\"\" \t\tclass=\"so-widget-image\"\/>\n\t<\/div>\n\n<\/div><\/div><\/div><\/div><\/div><div id=\"pg-6-3\"  class=\"panel-grid panel-has-style\" ><div class=\"siteorigin-panels-stretch panel-row-style-full-width panel-row-style panel-row-style-for-6-3\" data-stretch-type=\"full\" ><div id=\"pgc-6-3-0\"  class=\"panel-grid-cell\" ><div id=\"panel-6-3-0-0\" class=\"so-panel widget widget_sow-image panel-first-child panel-last-child\" data-index=\"5\" ><div\n\t\t\t\n\t\t\tclass=\"so-widget-sow-image so-widget-sow-image-default-8b5b6f678277-6\"\n\t\t\t\n\t\t>\n<div class=\"sow-image-container\">\n\t\t<img \n\tsrc=\"http:\/\/cassiorafaelcaponi.com\/wp-content\/uploads\/2019\/08\/klarinette.png\" width=\"490\" height=\"502\" srcset=\"http:\/\/cassiorafaelcaponi.com\/wp-content\/uploads\/2019\/08\/klarinette.png 490w, http:\/\/cassiorafaelcaponi.com\/wp-content\/uploads\/2019\/08\/klarinette-293x300.png 293w\" sizes=\"(max-width: 490px) 100vw, 490px\" alt=\"\" \t\tclass=\"so-widget-image\"\/>\n\t<\/div>\n\n<\/div><\/div><\/div><div id=\"pgc-6-3-1\"  class=\"panel-grid-cell\" ><div id=\"panel-6-3-1-0\" class=\"so-panel widget widget_sow-editor panel-first-child panel-last-child\" data-index=\"6\" ><div\n\t\t\t\n\t\t\tclass=\"so-widget-sow-editor so-widget-sow-editor-base\"\n\t\t\t\n\t\t>\n<div class=\"siteorigin-widget-tinymce textwidget\">\n\t<h1><span style=\"color: #000000;\">Chalumeau\/ Klarinette (Barock)<\/span><\/h1>\n<p><span style=\"color: #333333;\">Seinen 3. Master absolvierte er an der Musikhochschule Trossingen. Er ist momentan der einzige Inhaber eines Masters f\u00fcr Chalumeau und barocke Klarinette. Als Chalumeauspieler gestaltete er zahlreiche Kammerkonzerte im In- und Ausland. Er besitzt von Sopranchalumeau bis Basschalumeau und Barockklarinette alle wesentlichen Instrumente des legend\u00e4ren Instrumentenbauers Rudolf Tutz.<\/span><\/p>\n<\/div>\n<\/div><\/div><\/div><\/div><\/div><div id=\"pg-6-4\"  class=\"panel-grid panel-has-style\" ><div class=\"siteorigin-panels-stretch panel-row-style-full-width panel-row-style panel-row-style-for-6-4\" style=\"background-color: #000000; \" data-stretch-type=\"full\" ><div id=\"pgc-6-4-0\"  class=\"panel-grid-cell\" ><div id=\"panel-6-4-0-0\" class=\"so-panel widget widget_sow-editor panel-first-child panel-last-child\" data-index=\"7\" ><div\n\t\t\t\n\t\t\tclass=\"so-widget-sow-editor so-widget-sow-editor-base\"\n\t\t\t\n\t\t>\n<div class=\"siteorigin-widget-tinymce textwidget\">\n\t<h1><span style=\"color: #ffffff;\">Vokal<\/span><\/h1>\n<p><span style=\"color: #ffffff;\">Seit mehreren Jahren absolviert Cassio Caponi (Bariton) eine private Gesangsausbildung bei Maja Tabatadze.\u00a0<\/span><\/p>\n<p><span style=\"color: #ffffff;\">Verschiedene solistische Auftritte im Bereich der Alten Musik.\u00a0<\/span><\/p>\n<\/div>\n<\/div><\/div><\/div><div id=\"pgc-6-4-1\"  class=\"panel-grid-cell\" ><div id=\"panel-6-4-1-0\" class=\"so-panel widget widget_sow-image panel-first-child panel-last-child\" data-index=\"8\" ><div\n\t\t\t\n\t\t\tclass=\"so-widget-sow-image so-widget-sow-image-default-8b5b6f678277-6\"\n\t\t\t\n\t\t>\n<div class=\"sow-image-container\">\n\t\t<img \n\tsrc=\"http:\/\/cassiorafaelcaponi.com\/wp-content\/uploads\/2019\/08\/gesang-768x614.png\" width=\"720\" height=\"576\" srcset=\"http:\/\/cassiorafaelcaponi.com\/wp-content\/uploads\/2019\/08\/gesang-768x614.png 768w, http:\/\/cassiorafaelcaponi.com\/wp-content\/uploads\/2019\/08\/gesang-300x240.png 300w, http:\/\/cassiorafaelcaponi.com\/wp-content\/uploads\/2019\/08\/gesang-1024x818.png 1024w, http:\/\/cassiorafaelcaponi.com\/wp-content\/uploads\/2019\/08\/gesang.png 1260w\" sizes=\"(max-width: 720px) 100vw, 720px\" alt=\"\" \t\tclass=\"so-widget-image\"\/>\n\t<\/div>\n\n<\/div><\/div><\/div><\/div><\/div><div id=\"pg-6-5\"  class=\"panel-grid panel-has-style\" ><div class=\"siteorigin-panels-stretch panel-row-style-full-width panel-row-style panel-row-style-for-6-5\" data-stretch-type=\"full\" ><div id=\"pgc-6-5-0\"  class=\"panel-grid-cell\" ><div id=\"panel-6-5-0-0\" class=\"so-panel widget widget_sow-image panel-first-child panel-last-child\" data-index=\"9\" ><div\n\t\t\t\n\t\t\tclass=\"so-widget-sow-image so-widget-sow-image-default-8b5b6f678277-6\"\n\t\t\t\n\t\t>\n<div class=\"sow-image-container\">\n\t\t<img \n\tsrc=\"http:\/\/cassiorafaelcaponi.com\/wp-content\/uploads\/2019\/08\/dacaccia.png\" width=\"720\" height=\"948\" srcset=\"http:\/\/cassiorafaelcaponi.com\/wp-content\/uploads\/2019\/08\/dacaccia.png 723w, http:\/\/cassiorafaelcaponi.com\/wp-content\/uploads\/2019\/08\/dacaccia-228x300.png 228w\" sizes=\"(max-width: 720px) 100vw, 720px\" alt=\"\" \t\tclass=\"so-widget-image\"\/>\n\t<\/div>\n\n<\/div><\/div><\/div><div id=\"pgc-6-5-1\"  class=\"panel-grid-cell\" ><div id=\"panel-6-5-1-0\" class=\"so-panel widget widget_sow-editor panel-first-child panel-last-child\" data-index=\"10\" ><div\n\t\t\t\n\t\t\tclass=\"so-widget-sow-editor so-widget-sow-editor-base\"\n\t\t\t\n\t\t>\n<div class=\"siteorigin-widget-tinymce textwidget\">\n\t<h1><span style=\"color: #000000;\">Oboe da Caccia<\/span><\/h1>\n<p><span style=\"color: #333333;\">Seit vielen Jahren besch\u00e4ftigt sich Cassio Caponi mit den verschiedenen Barockoboen- Instrumenten. Inzwischen hat er sich auf die Oboe da Caccia spezialisiert und wird regelm\u00e4ssig in diesem Bereich bei Barockprojekten angefragt.\u00a0<\/span><\/p>\n<\/div>\n<\/div><\/div><\/div><\/div><\/div><div id=\"pg-6-6\"  class=\"panel-grid panel-has-style\" ><div class=\"siteorigin-panels-stretch panel-row-style-full-width panel-row-style panel-row-style-for-6-6\" style=\"background-color: #000000; \" data-stretch-type=\"full-stretched\" ><div id=\"pgc-6-6-0\"  class=\"panel-grid-cell\" ><div id=\"panel-6-6-0-0\" class=\"so-panel widget widget_sow-headline panel-first-child panel-last-child\" data-index=\"11\" ><div class=\"panel-widget-style panel-widget-style-for-6-6-0-0\" ><div\n\t\t\t\n\t\t\tclass=\"so-widget-sow-headline so-widget-sow-headline-default-eb59bca91cf8-6\"\n\t\t\t\n\t\t><div class=\"sow-headline-container \">\n\t<\/div>\n<\/div><\/div><\/div><\/div><\/div><\/div><div id=\"pg-6-7\"  class=\"panel-grid panel-has-style\" ><div class=\"siteorigin-panels-stretch panel-row-style-full-width panel-row-style panel-row-style-for-6-7\" data-stretch-type=\"full\" ><div id=\"pgc-6-7-0\"  class=\"panel-grid-cell\" ><div id=\"panel-6-7-0-0\" class=\"so-panel widget widget_sow-slider panel-first-child panel-last-child\" data-index=\"12\" ><div\n\t\t\t\n\t\t\tclass=\"so-widget-sow-slider so-widget-sow-slider-default-6d39609536fd-6\"\n\t\t\t\n\t\t>\t\t\t\t<div class=\"sow-slider-base\" style=\"display: none\" tabindex=\"0\">\n\t\t\t\t\t<ul\n\t\t\t\t\tclass=\"sow-slider-images\"\n\t\t\t\t\tdata-settings=\"{&quot;pagination&quot;:true,&quot;speed&quot;:800,&quot;timeout&quot;:8000,&quot;paused&quot;:false,&quot;pause_on_hover&quot;:false,&quot;swipe&quot;:true,&quot;nav_always_show_desktop&quot;:&quot;&quot;,&quot;nav_always_show_mobile&quot;:&quot;&quot;,&quot;breakpoint&quot;:&quot;780px&quot;,&quot;unmute&quot;:false,&quot;anchor&quot;:null}\"\n\t\t\t\t\t\t\t\t\t\tdata-anchor-id=\"\"\n\t\t\t\t>\t\t<li class=\"sow-slider-image\" style=\"visibility: visible;\" >\n\t\t\t\t\t\t<img width=\"720\" height=\"1024\" src=\"http:\/\/cassiorafaelcaponi.com\/wp-content\/uploads\/2022\/08\/Chorus.jpg\" class=\"sow-slider-background-image\" alt=\"\" style=\"\" srcset=\"http:\/\/cassiorafaelcaponi.com\/wp-content\/uploads\/2022\/08\/Chorus.jpg 720w, http:\/\/cassiorafaelcaponi.com\/wp-content\/uploads\/2022\/08\/Chorus-211x300.jpg 211w\" sizes=\"(max-width: 720px) 100vw, 720px\" \/>\t\t<\/li>\n\t\t\t\t<li class=\"sow-slider-image\" style=\"visibility: hidden;\" >\n\t\t\t\t\t\t<img width=\"717\" height=\"1024\" src=\"http:\/\/cassiorafaelcaponi.com\/wp-content\/uploads\/2022\/08\/sunrise.jpg\" class=\"sow-slider-background-image\" alt=\"\" style=\"\" srcset=\"http:\/\/cassiorafaelcaponi.com\/wp-content\/uploads\/2022\/08\/sunrise.jpg 717w, http:\/\/cassiorafaelcaponi.com\/wp-content\/uploads\/2022\/08\/sunrise-210x300.jpg 210w\" sizes=\"(max-width: 717px) 100vw, 717px\" \/>\t\t<\/li>\n\t\t\t\t<li class=\"sow-slider-image\" style=\"visibility: hidden;\" >\n\t\t\t\t\t\t<img width=\"726\" height=\"1024\" src=\"http:\/\/cassiorafaelcaponi.com\/wp-content\/uploads\/2022\/08\/Kokopelli.jpg\" class=\"sow-slider-background-image\" alt=\"\" style=\"\" srcset=\"http:\/\/cassiorafaelcaponi.com\/wp-content\/uploads\/2022\/08\/Kokopelli.jpg 726w, http:\/\/cassiorafaelcaponi.com\/wp-content\/uploads\/2022\/08\/Kokopelli-213x300.jpg 213w\" sizes=\"(max-width: 726px) 100vw, 726px\" \/>\t\t<\/li>\n\t\t<\/ul>\t\t\t\t<ol class=\"sow-slider-pagination\">\n\t\t\t\t\t\t\t\t\t\t\t<li><a href=\"#\" data-goto=\"0\" aria-label=\"Display slide 1\"><\/a><\/li>\n\t\t\t\t\t\t\t\t\t\t\t<li><a href=\"#\" data-goto=\"1\" aria-label=\"Display slide 2\"><\/a><\/li>\n\t\t\t\t\t\t\t\t\t\t\t<li><a href=\"#\" data-goto=\"2\" aria-label=\"Display slide 3\"><\/a><\/li>\n\t\t\t\t\t\t\t\t\t<\/ol>\n\n\t\t\t\t<div class=\"sow-slide-nav sow-slide-nav-next\">\n\t\t\t\t\t<a href=\"#\" data-goto=\"next\" aria-label=\"Next slide\" data-action=\"next\">\n\t\t\t\t\t\t<em class=\"sow-sld-icon-thin-right\"><\/em>\n\t\t\t\t\t<\/a>\n\t\t\t\t<\/div>\n\n\t\t\t\t<div class=\"sow-slide-nav sow-slide-nav-prev\">\n\t\t\t\t\t<a href=\"#\" data-goto=\"previous\" aria-label=\"Previous slide\" data-action=\"prev\">\n\t\t\t\t\t\t<em class=\"sow-sld-icon-thin-left\"><\/em>\n\t\t\t\t\t<\/a>\n\t\t\t\t<\/div>\n\t\t\t\t<\/div><\/div><\/div><\/div><div id=\"pgc-6-7-1\"  class=\"panel-grid-cell\" ><div id=\"panel-6-7-1-0\" class=\"so-panel widget widget_sow-editor panel-first-child panel-last-child\" data-index=\"13\" ><div\n\t\t\t\n\t\t\tclass=\"so-widget-sow-editor so-widget-sow-editor-base\"\n\t\t\t\n\t\t>\n<div class=\"siteorigin-widget-tinymce textwidget\">\n\t<h1><span style=\"color: #000000;\">Herausgeber<\/span><\/h1>\n<p><span style=\"color: #333333;\">Seit 2019 betreut er die Herausgabe von Werken, die f\u00fcr das <em>stuttgarter BLOCK fl\u00f6tenorchester \u00a9<\/em> komponiert und uraufgef\u00fchrt wurden. <\/span><\/p>\n<p><span style=\"color: #333333;\">Info bei: <a href=\"https:\/\/edition-tre-fontane.de\/\">Edition Tre Fontane<\/a><br \/>\n<\/span><\/p>\n<\/div>\n<\/div><\/div><\/div><\/div><\/div><div id=\"pg-6-8\"  class=\"panel-grid panel-has-style\" ><div class=\"siteorigin-panels-stretch panel-row-style-full-width panel-row-style panel-row-style-for-6-8\" style=\"background-color: #fcfcfc; \" id=\"clients\" data-stretch-type=\"full\" ><div id=\"pgc-6-8-0\"  class=\"panel-grid-cell\" ><div id=\"panel-6-8-0-0\" class=\"so-panel widget widget_sow-headline panel-first-child\" data-index=\"14\" ><div\n\t\t\t\n\t\t\tclass=\"so-widget-sow-headline so-widget-sow-headline-default-8f382b23f381-6\"\n\t\t\t\n\t\t><div class=\"sow-headline-container \">\n\t\t\t\t\t\t\t<h1 class=\"sow-headline\">\n\t\t\t\t\t\tManager bei stuttgarter BLOCK fl\u00f6tenorchester \u00a9\t\t\t\t\t\t<\/h1>\n\t\t\t\t\t\t\t\t\t\t\t<div class=\"decoration\">\n\t\t\t\t\t\t<div class=\"decoration-inside\"><\/div>\n\t\t\t\t\t<\/div>\n\t\t\t\t\t<\/div>\n<\/div><\/div><div id=\"panel-6-8-0-1\" class=\"so-panel widget widget_sow-editor panel-last-child\" data-index=\"15\" ><div\n\t\t\t\n\t\t\tclass=\"so-widget-sow-editor so-widget-sow-editor-base\"\n\t\t\t\n\t\t>\n<div class=\"siteorigin-widget-tinymce textwidget\">\n\t<p style=\"text-align: center;\">\u00dcber das Orchester, erfahren Sie <span style=\"color: #ff0000;\"><a style=\"color: #ff0000;\" href=\"http:\/\/stuttgarter-blockfloetenorchester.de\">hier<\/a> <\/span>mehr dar\u00fcber.<\/p>\n<\/div>\n<\/div><\/div><\/div><\/div><\/div><div id=\"pg-6-9\"  class=\"panel-grid panel-has-style\" ><div class=\"siteorigin-panels-stretch panel-row-style-full-width panel-row-style panel-row-style-for-6-9\" style=\"background-color: #000000; \" id=\"contact\" data-stretch-type=\"full\" ><div id=\"pgc-6-9-0\"  class=\"panel-grid-cell\" ><div id=\"panel-6-9-0-0\" class=\"so-panel widget widget_sow-headline panel-first-child panel-last-child\" data-index=\"16\" ><div\n\t\t\t\n\t\t\tclass=\"so-widget-sow-headline so-widget-sow-headline-default-dfa0bc55d1d2-6\"\n\t\t\t\n\t\t><div class=\"sow-headline-container \">\n\t\t\t\t\t\t\t<h1 class=\"sow-headline\">\n\t\t\t\t\t\tKontakt\t\t\t\t\t\t<\/h1>\n\t\t\t\t\t\t\t\t\t\t\t<div class=\"decoration\">\n\t\t\t\t\t\t<div class=\"decoration-inside\"><\/div>\n\t\t\t\t\t<\/div>\n\t\t\t\t\t\t\t\t\t\t\t<p class=\"sow-sub-headline\">\n\t\t\t\t\t\tBitte Kontaktieren Sie mich gerne bzgl. Engagements, Musikunterricht und Fragen zum stuttgarter BLOCK fl\u00f6tenorchester \u00a9.\t\t\t\t\t\t<\/p>\n\t\t\t\t\t\t<\/div>\n<\/div><\/div><\/div><\/div><\/div><div id=\"pg-6-10\"  class=\"panel-grid panel-has-style\" ><div class=\"siteorigin-panels-stretch panel-row-style-full-width panel-row-style panel-row-style-for-6-10\" style=\"background-color: #000000; \" id=\"contact-2\" data-stretch-type=\"full\" ><div id=\"pgc-6-10-0\"  class=\"panel-grid-cell\" ><div id=\"panel-6-10-0-0\" class=\"so-panel widget widget_sow-contact-form panel-first-child panel-last-child\" data-index=\"17\" ><div class=\"panel-widget-style panel-widget-style-for-6-10-0-0\" ><div\n\t\t\t\n\t\t\tclass=\"so-widget-sow-contact-form so-widget-sow-contact-form-default-e42d8d289204-6\"\n\t\t\t\n\t\t>\t<form\n\t\taction=\"\/index.php?rest_route=%2Fwp%2Fv2%2Fpages%2F6\"\n\t\tmethod=\"POST\"\n\t\tclass=\"sow-contact-form\"\n\t\tid=\"contact-form-724d\"\n\t>\n\n\t\t\n\t\t\t\t\t<div class=\"sow-form-field sow-form-field-name\">\n\t\t\t\t<label class=\"sow-form-field-label-above\" for=\"sow-contact-form-field-name-1\">\n\t\t\t\t<strong>\n\t\t\t\t\tName\t\t\t\t\t\t\t\t\t<\/strong>\n\t\t\t<\/label>\n\t\t\t\t\t\t\t<div class=\"sow-field-container\">\n\t\t\t\t\t\t\t<input\n\t\t\ttype=\"text\"\n\t\t\tname=\"name-1\"\n\t\t\tid=\"sow-contact-form-field-name-1\"\n\t\t\tvalue=\"\"\n\t\t\tclass=\"sow-text-field\"\n\t\t\t\t\t\t\t\t\/>\n\t\t\t\t\t\t<\/div>\n\t\t\t\t\t\t\t<\/div>\n\t\t\t\t\t\t<div class=\"sow-form-field sow-form-field-email\">\n\t\t\t\t<label class=\"sow-form-field-label-above\" for=\"sow-contact-form-field-email-1\">\n\t\t\t\t<strong>\n\t\t\t\t\tEmail\t\t\t\t\t\t\t\t\t<\/strong>\n\t\t\t<\/label>\n\t\t\t\t\t\t\t<div class=\"sow-field-container\">\n\t\t\t\t\t\t\t<input\n\t\t\ttype=\"email\"\n\t\t\tname=\"email-1\"\n\t\t\tid=\"sow-contact-form-field-email-1\"\n\t\t\tvalue=\"\"\n\t\t\tclass=\"sow-text-field\"\t\t\t\t\t\t\t\t\/>\n\t\t\t\t\t\t<\/div>\n\t\t\t\t\t\t\t<\/div>\n\t\t\t\t\t\t<div class=\"sow-form-field sow-form-field-subject\">\n\t\t\t\t<label class=\"sow-form-field-label-above\" for=\"sow-contact-form-field-betreff-1\">\n\t\t\t\t<strong>\n\t\t\t\t\tBetreff\t\t\t\t\t\t\t\t\t<\/strong>\n\t\t\t<\/label>\n\t\t\t\t\t\t\t<div class=\"sow-field-container\">\n\t\t\t\t\t\t\t<input\n\t\t\ttype=\"text\"\n\t\t\tname=\"betreff-1\"\n\t\t\tid=\"sow-contact-form-field-betreff-1\"\n\t\t\tvalue=\"\"\n\t\t\tclass=\"sow-text-field\"\n\t\t\t\t\t\t\t\t\/>\n\t\t\t\t\t\t<\/div>\n\t\t\t\t\t\t\t<\/div>\n\t\t\t\t\t\t<div class=\"sow-form-field sow-form-field-textarea\">\n\t\t\t\t<label class=\"sow-form-field-label-above\" for=\"sow-contact-form-field-nachricht-1\">\n\t\t\t\t<strong>\n\t\t\t\t\tNachricht\t\t\t\t\t\t\t\t\t<\/strong>\n\t\t\t<\/label>\n\t\t\t\t\t\t\t<div class=\"sow-field-container\">\n\t\t\t\t\t\t\t<textarea\n\t\t\tname=\"nachricht-1\"\n\t\t\tid=\"sow-contact-form-field-nachricht-1\"\n\t\t\trows=\"10\"\n\t\t\t\t\t\t\t\t><\/textarea>\n\t\t\t\t\t\t<\/div>\n\t\t\t\t\t\t\t<\/div>\n\t\t\t\n\t\t\n\t\t<div class=\"sow-submit-wrapper \n\t\tsow-submit-styled\t\t\">\n\n\t\t\t<button\n\t\t\t\ttype=\"submit\"\n\t\t\t\tclass=\"sow-submit\n\t\t\t\t\t\t\t\t\"\n\t\t\t\t\t\t\t>\n\t\t\t\tSenden\t\t\t<\/button>\n\t\t<\/div>\n\t\t\t\t<input\n\t\t\ttype=\"hidden\"\n\t\t\tname=\"instance_hash-1\"\n\t\t\tvalue=\"724d5998\"\n\t\t\/>\n\n\t\t<input type=\"hidden\" id=\"_wpnonce\" name=\"_wpnonce\" value=\"ea6fa1ff7c\" \/><input type=\"hidden\" name=\"_wp_http_referer\" value=\"\/index.php?rest_route=%2Fwp%2Fv2%2Fpages%2F6\" \/>\t<\/form>\n\t<\/div><\/div><\/div><\/div><\/div><\/div><div id=\"pg-6-11\"  class=\"panel-grid panel-has-style\" ><div class=\"siteorigin-panels-stretch panel-row-style-full-width panel-row-style panel-row-style-for-6-11\" style=\"background-color: #fcfcfc; \" data-stretch-type=\"full\" ><div id=\"pgc-6-11-0\"  class=\"panel-grid-cell\" ><div id=\"panel-6-11-0-0\" class=\"so-panel widget widget_sow-headline panel-first-child\" data-index=\"18\" ><div\n\t\t\t\n\t\t\tclass=\"so-widget-sow-headline so-widget-sow-headline-default-e98b5bae7336-6\"\n\t\t\t\n\t\t><div class=\"sow-headline-container \">\n\t\t\t\t\t\t\t<h1 class=\"sow-headline\">\n\t\t\t\t\t\tImpressum\t\t\t\t\t\t<\/h1>\n\t\t\t\t\t\t\t\t\t\t\t<div class=\"decoration\">\n\t\t\t\t\t\t<div class=\"decoration-inside\"><\/div>\n\t\t\t\t\t<\/div>\n\t\t\t\t\t<\/div>\n<\/div><\/div><div id=\"panel-6-11-0-1\" class=\"so-panel widget widget_sow-editor\" data-index=\"19\" ><div\n\t\t\t\n\t\t\tclass=\"so-widget-sow-editor so-widget-sow-editor-base\"\n\t\t\t\n\t\t>\n<div class=\"siteorigin-widget-tinymce textwidget\">\n\t<div id=\"panel-4-8-0-2\" class=\"so-panel widget widget_sow-editor panel-last-child\" data-index=\"14\">\n<div class=\"so-widget-sow-editor so-widget-sow-editor-base\">\n<div class=\"siteorigin-widget-tinymce textwidget\">\n<p style=\"text-align: center;\"><span style=\"color: #000000;\">Herausgeber und verantwortlich f\u00fcr den Inhalt:<\/span><\/p>\n<p style=\"text-align: center;\"><span style=\"color: #000000;\">C\u00e1ssio Rafael Caponi<\/span><\/p>\n<p style=\"text-align: center;\"><span style=\"color: #000000;\">Reinsburgstr. 69 \u00b7 70178 Stuttgart<\/span><br \/>\n<span style=\"color: #000000;\">Telefon +49 (0) 157 53427384\u202c<\/span><\/p>\n<p style=\"text-align: center;\"><span style=\"color: #000000;\">Hinweis: Ich \u00fcbernehme keine Haftung f\u00fcr die Inhalte externer Links.<\/span><br \/>\n<span style=\"color: #000000;\">F\u00fcr den Inhalt der verlinkten Seiten sind ausschlie\u00dflich deren Betreiber verantwortlich.<\/span><\/p>\n<\/div>\n<\/div>\n<\/div>\n<\/div>\n<\/div><\/div><div id=\"panel-6-11-0-2\" class=\"so-panel widget widget_sow-social-media-buttons panel-last-child\" data-index=\"20\" ><div\n\t\t\t\n\t\t\tclass=\"so-widget-sow-social-media-buttons so-widget-sow-social-media-buttons-atom-2f45c1c86667-6\"\n\t\t\t\n\t\t>\n\n<div class=\"social-media-button-container\">\n\t\n\t\t<a \n\t\tclass=\"ow-button-hover sow-social-media-button-youtube-0 sow-social-media-button\" title=\"Youtube\" aria-label=\"Youtube\" target=\"_blank\" rel=\"noopener noreferrer\" href=\"https:\/\/www.youtube.com\/user\/caponicassio\" \t\t>\n\t\t\t<span>\n\t\t\t\t\t\t\t\t<span class=\"sow-icon-fontawesome sow-fab\" data-sow-icon=\"&#xf167;\"\n\t\t \n\t\taria-hidden=\"true\"><\/span>\t\t\t\t\t\t\t<\/span>\n\t\t<\/a>\n\t<\/div>\n<\/div><\/div><\/div><\/div><\/div><\/div>","protected":false},"excerpt":{"rendered":"<p>Blockfl\u00f6te Studium der Schulmusik und Bachelor Blockfl\u00f6te an der Bundesuniversit\u00e4t von Rio Grande do Sul in Porto Alegre\/ Brasilien in der Klasse von Prof. Dr. Lucia Carpena. Anschliessend Studium Master Blockfl\u00f6te an der HMDK Stuttgart in der Klasse von Hans-Joachim Fuss. Stipendiat der L-Bank Musikstiftung und Namesstipendiat des Freundeskreises der Hochschule Stuttgart sowie Jahresstipendiat des [&hellip;]<\/p>\n","protected":false},"author":1,"featured_media":0,"parent":0,"menu_order":0,"comment_status":"closed","ping_status":"closed","template":"","meta":[],"_links":{"self":[{"href":"http:\/\/cassiorafaelcaponi.com\/index.php?rest_route=\/wp\/v2\/pages\/6"}],"collection":[{"href":"http:\/\/cassiorafaelcaponi.com\/index.php?rest_route=\/wp\/v2\/pages"}],"about":[{"href":"http:\/\/cassiorafaelcaponi.com\/index.php?rest_route=\/wp\/v2\/types\/page"}],"author":[{"embeddable":true,"href":"http:\/\/cassiorafaelcaponi.com\/index.php?rest_route=\/wp\/v2\/users\/1"}],"replies":[{"embeddable":true,"href":"http:\/\/cassiorafaelcaponi.com\/index.php?rest_route=%2Fwp%2Fv2%2Fcomments&post=6"}],"version-history":[{"count":57,"href":"http:\/\/cassiorafaelcaponi.com\/index.php?rest_route=\/wp\/v2\/pages\/6\/revisions"}],"predecessor-version":[{"id":85,"href":"http:\/\/cassiorafaelcaponi.com\/index.php?rest_route=\/wp\/v2\/pages\/6\/revisions\/85"}],"wp:attachment":[{"href":"http:\/\/cassiorafaelcaponi.com\/index.php?rest_route=%2Fwp%2Fv2%2Fmedia&parent=6"}],"curies":[{"name":"wp","href":"https:\/\/api.w.org\/{rel}","templated":true}]}}